{"id":86,"date":"2017-07-25T14:02:06","date_gmt":"2017-07-25T11:02:06","guid":{"rendered":"http:\/\/www.pendur.com\/?page_id=86"},"modified":"2017-11-12T18:41:36","modified_gmt":"2017-11-12T16:41:36","slug":"genis-tip","status":"publish","type":"page","link":"https:\/\/pendur.com\/?page_id=86","title":{"rendered":"S\u00fcrg\u00fcl\u00fc \/ \u00c7ift Kanatl\u0131 Pencerelere Uyumlu Pendur Modeli : PDR-07-S100"},"content":{"rendered":"<h3>S\u00fcrg\u00fcl\u00fc \/ \u00c7ift Kanatl\u0131 Pencerelere Uyumlu Pendur Modeli : <strong>PDR-07-S100<\/strong><\/h3>\n<h4>\u00a0<img loading=\"lazy\" decoding=\"async\" class=\"alignnone size-full wp-image-118\" src=\"https:\/\/pendur.com\/wp-content\/uploads\/2017\/07\/cift-kanat.png\" alt=\"\" width=\"600\" height=\"400\" srcset=\"https:\/\/pendur.com\/wp-content\/uploads\/2017\/07\/cift-kanat.png 600w, https:\/\/pendur.com\/wp-content\/uploads\/2017\/07\/cift-kanat-300x200.png 300w\" sizes=\"auto, (max-width: 600px) 100vw, 600px\" \/><\/h4>\n<h4>Teknik \u00d6zellikleri<\/h4>\n<ul>\n<li>100 cm Y\u00fckseli\u011finde ve 67-150 cm geni\u015fli\u011finde ki t\u00fcm pencere modellerine uygulanabilir.<\/li>\n<li>Beyaz, Kahverengi ve Krom olmak \u00fczere 3 renk \u00e7e\u015fidi vard\u0131r.<\/li>\n<li>Dayanma g\u00fcc\u00fc y\u00fcksek metal profil ve borulardan olu\u015fmaktad\u0131r.<\/li>\n<li>D\u0131\u015f ortam \u015fartlar\u0131na uyumlu paslanmaz yayl\u0131 kilit mekanizmas\u0131na sahiptir.<\/li>\n<li>Paslanmaya kar\u015f\u0131 mukavemetli elektrostatik toz boya (f\u0131r\u0131n boya) ile kaplanm\u0131\u015ft\u0131r.<\/li>\n<li>Yap\u0131lan testler sonucunda 67 kilogram a\u011f\u0131rl\u0131\u011fa mukavemet g\u00f6sterebildi\u011fi belgelenmi\u015ftir.<\/li>\n<li>Bar aralar\u0131nda ki bo\u015fluk 12,5 cm&#8217;dir. 1,5 ya\u015f ve sonras\u0131 \u00e7ocuklar\u0131n kafa geni\u015fli\u011fi baz al\u0131nm\u0131\u015ft\u0131r.<\/li>\n<\/ul>\n<h4>Kurulum Hizmeti<\/h4>\n<ul>\n<li>\u0130stanbul i\u00e7i montaj hizmeti mevcuttur. Online Sat\u0131\u015f b\u00f6l\u00fcm\u00fcnden bu hizmeti temin edebilirsiniz.<\/li>\n<\/ul>\n<p>&nbsp;<\/p>\n<p>&nbsp;<\/p>\n","protected":false},"excerpt":{"rendered":"<p>S\u00fcrg\u00fcl\u00fc \/ \u00c7ift Kanatl\u0131 Pencerelere Uyumlu Pendur Modeli : PDR-07-S100 \u00a0 Teknik \u00d6zellikleri 100 cm Y\u00fckseli\u011finde ve 67-150 cm geni\u015fli\u011finde ki t\u00fcm pencere modellerine uygulanabilir. Beyaz, Kahverengi ve Krom olmak \u00fczere 3 renk \u00e7e\u015fidi vard\u0131r. Dayanma g\u00fcc\u00fc y\u00fcksek metal profil ve borulardan olu\u015fmaktad\u0131r. D\u0131\u015f ortam \u015fartlar\u0131na uyumlu paslanmaz yayl\u0131 kilit mekanizmas\u0131na sahiptir. Paslanmaya kar\u015f\u0131 mukavemetli [&hellip;]<\/p>\n","protected":false},"author":1,"featured_media":0,"parent":28,"menu_order":0,"comment_status":"closed","ping_status":"closed","template":"fullwidth.php","meta":{"_monsterinsights_skip_tracking":false,"_monsterinsights_sitenote_active":false,"_monsterinsights_sitenote_note":"","_monsterinsights_sitenote_category":0,"footnotes":""},"class_list":["post-86","page","type-page","status-publish","hentry"],"yoast_head":"<!-- This site is optimized with the Yoast SEO plugin v27.4 - https:\/\/yoast.com\/product\/yoast-seo-wordpress\/ -->\n<title>Geni\u015f Tip S\u00fcrg\u00fcl\u00fc \/ \u00c7ift Kanatl\u0131 Pencerelere Uyumlu Pendur Modeli<\/title>\n<meta name=\"description\" content=\"S\u00fcrg\u00fcl\u00fc \/ \u00c7ift Kanatl\u0131 Pencerelere Uyumlu Pendur Modeli 100 cm Y\u00fckseli\u011finde ve 67-150 cm geni\u015fli\u011findeki t\u00fcm pencere modellerine uygulanabilir.\" \/>\n<meta name=\"robots\" content=\"index, follow, max-snippet:-1, max-image-preview:large, max-video-preview:-1\" \/>\n<link rel=\"canonical\" href=\"https:\/\/pendur.com\/?page_id=86\" \/>\n<meta property=\"og:locale\" content=\"tr_TR\" \/>\n<meta property=\"og:type\" content=\"article\" \/>\n<meta property=\"og:title\" content=\"Geni\u015f Tip S\u00fcrg\u00fcl\u00fc \/ \u00c7ift Kanatl\u0131 Pencerelere Uyumlu Pendur Modeli\" \/>\n<meta property=\"og:description\" content=\"S\u00fcrg\u00fcl\u00fc \/ \u00c7ift Kanatl\u0131 Pencerelere Uyumlu Pendur Modeli 100 cm Y\u00fckseli\u011finde ve 67-150 cm geni\u015fli\u011findeki t\u00fcm pencere modellerine uygulanabilir.\" \/>\n<meta property=\"og:url\" content=\"https:\/\/pendur.com\/?page_id=86\" \/>\n<meta property=\"og:site_name\" content=\"Pendur\" \/>\n<meta property=\"article:modified_time\" content=\"2017-11-12T16:41:36+00:00\" \/>\n<meta property=\"og:image\" content=\"https:\/\/pendur.com\/wp-content\/uploads\/2017\/07\/cift-kanat.png\" \/>\n<meta name=\"twitter:card\" content=\"summary_large_image\" \/>\n<meta name=\"twitter:label1\" content=\"Tahmini okuma s\u00fcresi\" \/>\n\t<meta name=\"twitter:data1\" content=\"1 dakika\" \/>\n<script type=\"application\/ld+json\" class=\"yoast-schema-graph\">{\"@context\":\"https:\\\/\\\/schema.org\",\"@graph\":[{\"@type\":\"WebPage\",\"@id\":\"https:\\\/\\\/pendur.com\\\/?page_id=86\",\"url\":\"https:\\\/\\\/pendur.com\\\/?page_id=86\",\"name\":\"Geni\u015f Tip S\u00fcrg\u00fcl\u00fc \\\/ \u00c7ift Kanatl\u0131 Pencerelere Uyumlu Pendur Modeli\",\"isPartOf\":{\"@id\":\"https:\\\/\\\/pendur.com\\\/#website\"},\"primaryImageOfPage\":{\"@id\":\"https:\\\/\\\/pendur.com\\\/?page_id=86#primaryimage\"},\"image\":{\"@id\":\"https:\\\/\\\/pendur.com\\\/?page_id=86#primaryimage\"},\"thumbnailUrl\":\"https:\\\/\\\/pendur.com\\\/wp-content\\\/uploads\\\/2017\\\/07\\\/cift-kanat.png\",\"datePublished\":\"2017-07-25T11:02:06+00:00\",\"dateModified\":\"2017-11-12T16:41:36+00:00\",\"description\":\"S\u00fcrg\u00fcl\u00fc \\\/ \u00c7ift Kanatl\u0131 Pencerelere Uyumlu Pendur Modeli 100 cm Y\u00fckseli\u011finde ve 67-150 cm geni\u015fli\u011findeki t\u00fcm pencere modellerine uygulanabilir.\",\"breadcrumb\":{\"@id\":\"https:\\\/\\\/pendur.com\\\/?page_id=86#breadcrumb\"},\"inLanguage\":\"tr\",\"potentialAction\":[{\"@type\":\"ReadAction\",\"target\":[\"https:\\\/\\\/pendur.com\\\/?page_id=86\"]}]},{\"@type\":\"ImageObject\",\"inLanguage\":\"tr\",\"@id\":\"https:\\\/\\\/pendur.com\\\/?page_id=86#primaryimage\",\"url\":\"https:\\\/\\\/pendur.com\\\/wp-content\\\/uploads\\\/2017\\\/07\\\/cift-kanat.png\",\"contentUrl\":\"https:\\\/\\\/pendur.com\\\/wp-content\\\/uploads\\\/2017\\\/07\\\/cift-kanat.png\",\"width\":600,\"height\":400},{\"@type\":\"BreadcrumbList\",\"@id\":\"https:\\\/\\\/pendur.com\\\/?page_id=86#breadcrumb\",\"itemListElement\":[{\"@type\":\"ListItem\",\"position\":1,\"name\":\"Ana sayfa\",\"item\":\"https:\\\/\\\/pendur.com\\\/\"},{\"@type\":\"ListItem\",\"position\":2,\"name\":\"Modeller\",\"item\":\"https:\\\/\\\/pendur.com\\\/\"},{\"@type\":\"ListItem\",\"position\":3,\"name\":\"S\u00fcrg\u00fcl\u00fc \\\/ \u00c7ift Kanatl\u0131 Pencerelere Uyumlu Pendur Modeli : PDR-07-S100\"}]},{\"@type\":\"WebSite\",\"@id\":\"https:\\\/\\\/pendur.com\\\/#website\",\"url\":\"https:\\\/\\\/pendur.com\\\/\",\"name\":\"Pendur\",\"description\":\"Pencere Korkulu\u011fu | \u00c7ocuk G\u00fcvenli\u011fi\",\"potentialAction\":[{\"@type\":\"SearchAction\",\"target\":{\"@type\":\"EntryPoint\",\"urlTemplate\":\"https:\\\/\\\/pendur.com\\\/?s={search_term_string}\"},\"query-input\":{\"@type\":\"PropertyValueSpecification\",\"valueRequired\":true,\"valueName\":\"search_term_string\"}}],\"inLanguage\":\"tr\"}]}<\/script>\n<!-- \/ Yoast SEO plugin. -->","yoast_head_json":{"title":"Geni\u015f Tip S\u00fcrg\u00fcl\u00fc \/ \u00c7ift Kanatl\u0131 Pencerelere Uyumlu Pendur Modeli","description":"S\u00fcrg\u00fcl\u00fc \/ \u00c7ift Kanatl\u0131 Pencerelere Uyumlu Pendur Modeli 100 cm Y\u00fckseli\u011finde ve 67-150 cm geni\u015fli\u011findeki t\u00fcm pencere modellerine uygulanabilir.","robots":{"index":"index","follow":"follow","max-snippet":"max-snippet:-1","max-image-preview":"max-image-preview:large","max-video-preview":"max-video-preview:-1"},"canonical":"https:\/\/pendur.com\/?page_id=86","og_locale":"tr_TR","og_type":"article","og_title":"Geni\u015f Tip S\u00fcrg\u00fcl\u00fc \/ \u00c7ift Kanatl\u0131 Pencerelere Uyumlu Pendur Modeli","og_description":"S\u00fcrg\u00fcl\u00fc \/ \u00c7ift Kanatl\u0131 Pencerelere Uyumlu Pendur Modeli 100 cm Y\u00fckseli\u011finde ve 67-150 cm geni\u015fli\u011findeki t\u00fcm pencere modellerine uygulanabilir.","og_url":"https:\/\/pendur.com\/?page_id=86","og_site_name":"Pendur","article_modified_time":"2017-11-12T16:41:36+00:00","og_image":[{"url":"https:\/\/pendur.com\/wp-content\/uploads\/2017\/07\/cift-kanat.png","type":"","width":"","height":""}],"twitter_card":"summary_large_image","twitter_misc":{"Tahmini okuma s\u00fcresi":"1 dakika"},"schema":{"@context":"https:\/\/schema.org","@graph":[{"@type":"WebPage","@id":"https:\/\/pendur.com\/?page_id=86","url":"https:\/\/pendur.com\/?page_id=86","name":"Geni\u015f Tip S\u00fcrg\u00fcl\u00fc \/ \u00c7ift Kanatl\u0131 Pencerelere Uyumlu Pendur Modeli","isPartOf":{"@id":"https:\/\/pendur.com\/#website"},"primaryImageOfPage":{"@id":"https:\/\/pendur.com\/?page_id=86#primaryimage"},"image":{"@id":"https:\/\/pendur.com\/?page_id=86#primaryimage"},"thumbnailUrl":"https:\/\/pendur.com\/wp-content\/uploads\/2017\/07\/cift-kanat.png","datePublished":"2017-07-25T11:02:06+00:00","dateModified":"2017-11-12T16:41:36+00:00","description":"S\u00fcrg\u00fcl\u00fc \/ \u00c7ift Kanatl\u0131 Pencerelere Uyumlu Pendur Modeli 100 cm Y\u00fckseli\u011finde ve 67-150 cm geni\u015fli\u011findeki t\u00fcm pencere modellerine uygulanabilir.","breadcrumb":{"@id":"https:\/\/pendur.com\/?page_id=86#breadcrumb"},"inLanguage":"tr","potentialAction":[{"@type":"ReadAction","target":["https:\/\/pendur.com\/?page_id=86"]}]},{"@type":"ImageObject","inLanguage":"tr","@id":"https:\/\/pendur.com\/?page_id=86#primaryimage","url":"https:\/\/pendur.com\/wp-content\/uploads\/2017\/07\/cift-kanat.png","contentUrl":"https:\/\/pendur.com\/wp-content\/uploads\/2017\/07\/cift-kanat.png","width":600,"height":400},{"@type":"BreadcrumbList","@id":"https:\/\/pendur.com\/?page_id=86#breadcrumb","itemListElement":[{"@type":"ListItem","position":1,"name":"Ana sayfa","item":"https:\/\/pendur.com\/"},{"@type":"ListItem","position":2,"name":"Modeller","item":"https:\/\/pendur.com\/"},{"@type":"ListItem","position":3,"name":"S\u00fcrg\u00fcl\u00fc \/ \u00c7ift Kanatl\u0131 Pencerelere Uyumlu Pendur Modeli : PDR-07-S100"}]},{"@type":"WebSite","@id":"https:\/\/pendur.com\/#website","url":"https:\/\/pendur.com\/","name":"Pendur","description":"Pencere Korkulu\u011fu | \u00c7ocuk G\u00fcvenli\u011fi","potentialAction":[{"@type":"SearchAction","target":{"@type":"EntryPoint","urlTemplate":"https:\/\/pendur.com\/?s={search_term_string}"},"query-input":{"@type":"PropertyValueSpecification","valueRequired":true,"valueName":"search_term_string"}}],"inLanguage":"tr"}]}},"_links":{"self":[{"href":"https:\/\/pendur.com\/index.php?rest_route=\/wp\/v2\/pages\/86","targetHints":{"allow":["GET"]}}],"collection":[{"href":"https:\/\/pendur.com\/index.php?rest_route=\/wp\/v2\/pages"}],"about":[{"href":"https:\/\/pendur.com\/index.php?rest_route=\/wp\/v2\/types\/page"}],"author":[{"embeddable":true,"href":"https:\/\/pendur.com\/index.php?rest_route=\/wp\/v2\/users\/1"}],"replies":[{"embeddable":true,"href":"https:\/\/pendur.com\/index.php?rest_route=%2Fwp%2Fv2%2Fcomments&post=86"}],"version-history":[{"count":6,"href":"https:\/\/pendur.com\/index.php?rest_route=\/wp\/v2\/pages\/86\/revisions"}],"predecessor-version":[{"id":120,"href":"https:\/\/pendur.com\/index.php?rest_route=\/wp\/v2\/pages\/86\/revisions\/120"}],"up":[{"embeddable":true,"href":"https:\/\/pendur.com\/index.php?rest_route=\/wp\/v2\/pages\/28"}],"wp:attachment":[{"href":"https:\/\/pendur.com\/index.php?rest_route=%2Fwp%2Fv2%2Fmedia&parent=86"}],"curies":[{"name":"wp","href":"https:\/\/api.w.org\/{rel}","templated":true}]}}