{"id":22,"date":"2017-07-16T22:33:15","date_gmt":"2017-07-16T19:33:15","guid":{"rendered":"http:\/\/www.pendur.com\/?page_id=22"},"modified":"2017-11-12T18:59:59","modified_gmt":"2017-11-12T16:59:59","slug":"hakkimizda","status":"publish","type":"page","link":"https:\/\/pendur.com\/?page_id=22","title":{"rendered":"Hakk\u0131m\u0131zda"},"content":{"rendered":"<h4>\u015eirket ve Marka Profilimiz<\/h4>\n<p>DATKOM Elektrik Elektronik G\u00fcvenlik Sistemleri Ltd. \u015eti. 2002 y\u0131l\u0131ndan itibaren uzman kadrosuyla sekt\u00f6r\u00fcnde hizmet veren g\u00fcvenilir ve \u00f6nc\u00fc bir firmad\u0131r. \u00d6zellikle tekstil,lojistik ve depolama vb. alanlar\u0131nda faaliyet g\u00f6steren kurumsal firmalarla \u00e7al\u0131\u015f\u0131lmaktad\u0131r.Referanslar\u0131yla kendi alan\u0131nda b\u00fcy\u00fcmeye devam eden DATKOM, bu hizmetlerinin yan\u0131nda yakla\u015f\u0131k 5 y\u0131ldan beri \u00e7ocuk g\u00fcvenli\u011fi i\u00e7in de \u00e7al\u0131\u015fmalarda bulunmaktad\u0131r.<\/p>\n<p>G\u00fcvenlik \u00fcr\u00fcnleri sekt\u00f6r\u00fcnde \u00f6nemli yer tutan ev kazalar\u0131n\u0131 \u00f6nleyici \u00fcr\u00fcnler aras\u0131nda b\u00fcy\u00fck bir bo\u015flu\u011fu doldurmak amac\u0131 ile 2009\u2032dan bu yana pencere g\u00fcvenli\u011fi konusunda uzun AR-GE \u00e7al\u0131\u015fmalar\u0131 yapmaktad\u0131r. DATKOM, bu \u00e7al\u0131\u015fmalar\u0131n sonucunda \u00e7ocuk g\u00fcvenli\u011fini baz alarak \u201dPENDUR\u201d markas\u0131 ad\u0131 alt\u0131nda Mod\u00fcler Pencere Korkulu\u011fu\u2019nu hayata ge\u00e7irmi\u015f bulunmaktad\u0131r.<\/p>\n<p>DATKOM, Faydal\u0131 Model Patenti ve End\u00fcstriyel Tasar\u0131m Tesciline sahip \u201cPENDUR\u201d ile T\u00fcrkiye\u2019de bir ilki ger\u00e7ekle\u015ftirmi\u015f bulunmaktad\u0131r. Hem \u00e7ocuk g\u00fcvenli\u011fi \u00fcr\u00fcnleri hem de yap\u0131 \u00fcr\u00fcnleri sekt\u00f6rlerinde \u201cPENDUR\u201d ilgili olumlu geri d\u00f6n\u00fc\u015fler al\u0131nmaktad\u0131r.<\/p>\n","protected":false},"excerpt":{"rendered":"<p>\u015eirket ve Marka Profilimiz DATKOM Elektrik Elektronik G\u00fcvenlik Sistemleri Ltd. \u015eti. 2002 y\u0131l\u0131ndan itibaren uzman kadrosuyla sekt\u00f6r\u00fcnde hizmet veren g\u00fcvenilir ve \u00f6nc\u00fc bir firmad\u0131r. \u00d6zellikle tekstil,lojistik ve depolama vb. alanlar\u0131nda faaliyet g\u00f6steren kurumsal firmalarla \u00e7al\u0131\u015f\u0131lmaktad\u0131r.Referanslar\u0131yla kendi alan\u0131nda b\u00fcy\u00fcmeye devam eden DATKOM, bu hizmetlerinin yan\u0131nda yakla\u015f\u0131k 5 y\u0131ldan beri \u00e7ocuk g\u00fcvenli\u011fi i\u00e7in de \u00e7al\u0131\u015fmalarda bulunmaktad\u0131r. G\u00fcvenlik [&hellip;]<\/p>\n","protected":false},"author":1,"featured_media":0,"parent":0,"menu_order":0,"comment_status":"closed","ping_status":"closed","template":"fullwidth.php","meta":{"_monsterinsights_skip_tracking":false,"_monsterinsights_sitenote_active":false,"_monsterinsights_sitenote_note":"","_monsterinsights_sitenote_category":0,"footnotes":""},"class_list":["post-22","page","type-page","status-publish","hentry"],"yoast_head":"<!-- This site is optimized with the Yoast SEO plugin v27.4 - https:\/\/yoast.com\/product\/yoast-seo-wordpress\/ -->\n<title>Hakk\u0131m\u0131zda Pendur mod\u00fcler pencere korkulu\u011fu datkom elektrik hakk\u0131nda<\/title>\n<meta name=\"description\" content=\"DATKOM, 7 y\u0131ldan beri \u00e7ocuk g\u00fcvenli\u011fi i\u00e7in de \u00e7al\u0131\u015fmalarda bulunmaktad\u0131r. Trajik pencereden d\u00fc\u015fme kazalar\u0131 ile ilgili \u00f6nleyici \u00fcr\u00fcnler.\" \/>\n<meta name=\"robots\" content=\"index, follow, max-snippet:-1, max-image-preview:large, max-video-preview:-1\" \/>\n<link rel=\"canonical\" href=\"https:\/\/pendur.com\/?page_id=22\" \/>\n<meta property=\"og:locale\" content=\"tr_TR\" \/>\n<meta property=\"og:type\" content=\"article\" \/>\n<meta property=\"og:title\" content=\"Hakk\u0131m\u0131zda Pendur mod\u00fcler pencere korkulu\u011fu datkom elektrik hakk\u0131nda\" \/>\n<meta property=\"og:description\" content=\"DATKOM, 7 y\u0131ldan beri \u00e7ocuk g\u00fcvenli\u011fi i\u00e7in de \u00e7al\u0131\u015fmalarda bulunmaktad\u0131r. Trajik pencereden d\u00fc\u015fme kazalar\u0131 ile ilgili \u00f6nleyici \u00fcr\u00fcnler.\" \/>\n<meta property=\"og:url\" content=\"https:\/\/pendur.com\/?page_id=22\" \/>\n<meta property=\"og:site_name\" content=\"Pendur\" \/>\n<meta property=\"article:modified_time\" content=\"2017-11-12T16:59:59+00:00\" \/>\n<meta name=\"twitter:card\" content=\"summary_large_image\" \/>\n<meta name=\"twitter:label1\" content=\"Tahmini okuma s\u00fcresi\" \/>\n\t<meta name=\"twitter:data1\" content=\"1 dakika\" \/>\n<script type=\"application\/ld+json\" class=\"yoast-schema-graph\">{\"@context\":\"https:\\\/\\\/schema.org\",\"@graph\":[{\"@type\":\"WebPage\",\"@id\":\"https:\\\/\\\/pendur.com\\\/?page_id=22\",\"url\":\"https:\\\/\\\/pendur.com\\\/?page_id=22\",\"name\":\"Hakk\u0131m\u0131zda Pendur mod\u00fcler pencere korkulu\u011fu datkom elektrik hakk\u0131nda\",\"isPartOf\":{\"@id\":\"https:\\\/\\\/pendur.com\\\/#website\"},\"datePublished\":\"2017-07-16T19:33:15+00:00\",\"dateModified\":\"2017-11-12T16:59:59+00:00\",\"description\":\"DATKOM, 7 y\u0131ldan beri \u00e7ocuk g\u00fcvenli\u011fi i\u00e7in de \u00e7al\u0131\u015fmalarda bulunmaktad\u0131r. Trajik pencereden d\u00fc\u015fme kazalar\u0131 ile ilgili \u00f6nleyici \u00fcr\u00fcnler.\",\"breadcrumb\":{\"@id\":\"https:\\\/\\\/pendur.com\\\/?page_id=22#breadcrumb\"},\"inLanguage\":\"tr\",\"potentialAction\":[{\"@type\":\"ReadAction\",\"target\":[\"https:\\\/\\\/pendur.com\\\/?page_id=22\"]}]},{\"@type\":\"BreadcrumbList\",\"@id\":\"https:\\\/\\\/pendur.com\\\/?page_id=22#breadcrumb\",\"itemListElement\":[{\"@type\":\"ListItem\",\"position\":1,\"name\":\"Ana sayfa\",\"item\":\"https:\\\/\\\/pendur.com\\\/\"},{\"@type\":\"ListItem\",\"position\":2,\"name\":\"Hakk\u0131m\u0131zda\"}]},{\"@type\":\"WebSite\",\"@id\":\"https:\\\/\\\/pendur.com\\\/#website\",\"url\":\"https:\\\/\\\/pendur.com\\\/\",\"name\":\"Pendur\",\"description\":\"Pencere Korkulu\u011fu | \u00c7ocuk G\u00fcvenli\u011fi\",\"potentialAction\":[{\"@type\":\"SearchAction\",\"target\":{\"@type\":\"EntryPoint\",\"urlTemplate\":\"https:\\\/\\\/pendur.com\\\/?s={search_term_string}\"},\"query-input\":{\"@type\":\"PropertyValueSpecification\",\"valueRequired\":true,\"valueName\":\"search_term_string\"}}],\"inLanguage\":\"tr\"}]}<\/script>\n<!-- \/ Yoast SEO plugin. -->","yoast_head_json":{"title":"Hakk\u0131m\u0131zda Pendur mod\u00fcler pencere korkulu\u011fu datkom elektrik hakk\u0131nda","description":"DATKOM, 7 y\u0131ldan beri \u00e7ocuk g\u00fcvenli\u011fi i\u00e7in de \u00e7al\u0131\u015fmalarda bulunmaktad\u0131r. Trajik pencereden d\u00fc\u015fme kazalar\u0131 ile ilgili \u00f6nleyici \u00fcr\u00fcnler.","robots":{"index":"index","follow":"follow","max-snippet":"max-snippet:-1","max-image-preview":"max-image-preview:large","max-video-preview":"max-video-preview:-1"},"canonical":"https:\/\/pendur.com\/?page_id=22","og_locale":"tr_TR","og_type":"article","og_title":"Hakk\u0131m\u0131zda Pendur mod\u00fcler pencere korkulu\u011fu datkom elektrik hakk\u0131nda","og_description":"DATKOM, 7 y\u0131ldan beri \u00e7ocuk g\u00fcvenli\u011fi i\u00e7in de \u00e7al\u0131\u015fmalarda bulunmaktad\u0131r. Trajik pencereden d\u00fc\u015fme kazalar\u0131 ile ilgili \u00f6nleyici \u00fcr\u00fcnler.","og_url":"https:\/\/pendur.com\/?page_id=22","og_site_name":"Pendur","article_modified_time":"2017-11-12T16:59:59+00:00","twitter_card":"summary_large_image","twitter_misc":{"Tahmini okuma s\u00fcresi":"1 dakika"},"schema":{"@context":"https:\/\/schema.org","@graph":[{"@type":"WebPage","@id":"https:\/\/pendur.com\/?page_id=22","url":"https:\/\/pendur.com\/?page_id=22","name":"Hakk\u0131m\u0131zda Pendur mod\u00fcler pencere korkulu\u011fu datkom elektrik hakk\u0131nda","isPartOf":{"@id":"https:\/\/pendur.com\/#website"},"datePublished":"2017-07-16T19:33:15+00:00","dateModified":"2017-11-12T16:59:59+00:00","description":"DATKOM, 7 y\u0131ldan beri \u00e7ocuk g\u00fcvenli\u011fi i\u00e7in de \u00e7al\u0131\u015fmalarda bulunmaktad\u0131r. Trajik pencereden d\u00fc\u015fme kazalar\u0131 ile ilgili \u00f6nleyici \u00fcr\u00fcnler.","breadcrumb":{"@id":"https:\/\/pendur.com\/?page_id=22#breadcrumb"},"inLanguage":"tr","potentialAction":[{"@type":"ReadAction","target":["https:\/\/pendur.com\/?page_id=22"]}]},{"@type":"BreadcrumbList","@id":"https:\/\/pendur.com\/?page_id=22#breadcrumb","itemListElement":[{"@type":"ListItem","position":1,"name":"Ana sayfa","item":"https:\/\/pendur.com\/"},{"@type":"ListItem","position":2,"name":"Hakk\u0131m\u0131zda"}]},{"@type":"WebSite","@id":"https:\/\/pendur.com\/#website","url":"https:\/\/pendur.com\/","name":"Pendur","description":"Pencere Korkulu\u011fu | \u00c7ocuk G\u00fcvenli\u011fi","potentialAction":[{"@type":"SearchAction","target":{"@type":"EntryPoint","urlTemplate":"https:\/\/pendur.com\/?s={search_term_string}"},"query-input":{"@type":"PropertyValueSpecification","valueRequired":true,"valueName":"search_term_string"}}],"inLanguage":"tr"}]}},"_links":{"self":[{"href":"https:\/\/pendur.com\/index.php?rest_route=\/wp\/v2\/pages\/22","targetHints":{"allow":["GET"]}}],"collection":[{"href":"https:\/\/pendur.com\/index.php?rest_route=\/wp\/v2\/pages"}],"about":[{"href":"https:\/\/pendur.com\/index.php?rest_route=\/wp\/v2\/types\/page"}],"author":[{"embeddable":true,"href":"https:\/\/pendur.com\/index.php?rest_route=\/wp\/v2\/users\/1"}],"replies":[{"embeddable":true,"href":"https:\/\/pendur.com\/index.php?rest_route=%2Fwp%2Fv2%2Fcomments&post=22"}],"version-history":[{"count":2,"href":"https:\/\/pendur.com\/index.php?rest_route=\/wp\/v2\/pages\/22\/revisions"}],"predecessor-version":[{"id":126,"href":"https:\/\/pendur.com\/index.php?rest_route=\/wp\/v2\/pages\/22\/revisions\/126"}],"wp:attachment":[{"href":"https:\/\/pendur.com\/index.php?rest_route=%2Fwp%2Fv2%2Fmedia&parent=22"}],"curies":[{"name":"wp","href":"https:\/\/api.w.org\/{rel}","templated":true}]}}